{"id":274,"date":"2022-07-06T15:01:32","date_gmt":"2022-07-06T15:01:32","guid":{"rendered":"http:\/\/tabea-flueckiger.ch\/?page_id=274"},"modified":"2026-02-03T14:08:46","modified_gmt":"2026-02-03T14:08:46","slug":"sonstiges","status":"publish","type":"page","link":"https:\/\/tabea-flueckiger.ch\/?page_id=274","title":{"rendered":"Restaurationen"},"content":{"rendered":"\n<p>Ich liebe Handwerk in s\u00e4mtlicher Form und Farbe! Du hast ein Lieblingsst\u00fcck, das Du innigst liebst, das aber etwas in die Jahre gekommen ist?<\/p>\n\n\n\n<p>Melde Dich bei mir &#8211; ich schaue daf\u00fcr, dass Dein Liebling wieder in neuem Glanz erstrahlt.<\/p>\n\n\n\n<figure class=\"wp-block-gallery has-nested-images columns-default is-cropped wp-block-gallery-1 is-layout-flex wp-block-gallery-is-layout-flex\">\n<figure class=\"wp-block-image size-full\"><a href=\"https:\/\/tabea-flueckiger.ch\/wp-content\/uploads\/2022\/07\/700faddb-97e7-4d0d-9a20-0131c7679e0b-1.jpg\"><img loading=\"lazy\" decoding=\"async\" width=\"768\" height=\"1024\" data-id=\"391\" src=\"https:\/\/tabea-flueckiger.ch\/wp-content\/uploads\/2022\/07\/700faddb-97e7-4d0d-9a20-0131c7679e0b-1.jpg\" alt=\"\" class=\"wp-image-391\" srcset=\"https:\/\/tabea-flueckiger.ch\/wp-content\/uploads\/2022\/07\/700faddb-97e7-4d0d-9a20-0131c7679e0b-1.jpg 768w, https:\/\/tabea-flueckiger.ch\/wp-content\/uploads\/2022\/07\/700faddb-97e7-4d0d-9a20-0131c7679e0b-1-225x300.jpg 225w, https:\/\/tabea-flueckiger.ch\/wp-content\/uploads\/2022\/07\/700faddb-97e7-4d0d-9a20-0131c7679e0b-1-624x832.jpg 624w\" sizes=\"auto, (max-width: 768px) 100vw, 768px\" \/><\/a><\/figure>\n\n\n\n<figure class=\"wp-block-image size-full\"><a href=\"https:\/\/tabea-flueckiger.ch\/wp-content\/uploads\/2022\/07\/db4cb262-2156-46d2-98f9-25649a09b9d3.jpg\"><img loading=\"lazy\" decoding=\"async\" width=\"576\" height=\"1024\" data-id=\"389\" src=\"https:\/\/tabea-flueckiger.ch\/wp-content\/uploads\/2022\/07\/db4cb262-2156-46d2-98f9-25649a09b9d3.jpg\" alt=\"\" class=\"wp-image-389\" srcset=\"https:\/\/tabea-flueckiger.ch\/wp-content\/uploads\/2022\/07\/db4cb262-2156-46d2-98f9-25649a09b9d3.jpg 576w, https:\/\/tabea-flueckiger.ch\/wp-content\/uploads\/2022\/07\/db4cb262-2156-46d2-98f9-25649a09b9d3-169x300.jpg 169w\" sizes=\"auto, (max-width: 576px) 100vw, 576px\" \/><\/a><\/figure>\n\n\n\n<figure class=\"wp-block-image size-full\"><a href=\"https:\/\/tabea-flueckiger.ch\/wp-content\/uploads\/2022\/07\/2514ddea-b428-496d-b32b-705fb617bb48-1.jpg\"><img loading=\"lazy\" decoding=\"async\" width=\"576\" height=\"1024\" data-id=\"390\" src=\"https:\/\/tabea-flueckiger.ch\/wp-content\/uploads\/2022\/07\/2514ddea-b428-496d-b32b-705fb617bb48-1.jpg\" alt=\"\" class=\"wp-image-390\" srcset=\"https:\/\/tabea-flueckiger.ch\/wp-content\/uploads\/2022\/07\/2514ddea-b428-496d-b32b-705fb617bb48-1.jpg 576w, https:\/\/tabea-flueckiger.ch\/wp-content\/uploads\/2022\/07\/2514ddea-b428-496d-b32b-705fb617bb48-1-169x300.jpg 169w\" sizes=\"auto, (max-width: 576px) 100vw, 576px\" \/><\/a><\/figure>\n<\/figure>\n\n\n\n<p><\/p>\n\n\n\n<p><\/p>\n\n\n\n<p class=\"has-text-align-center\">Vorher&#8230;<\/p>\n\n\n\n<figure class=\"wp-block-gallery has-nested-images columns-default is-cropped wp-block-gallery-2 is-layout-flex wp-block-gallery-is-layout-flex\">\n<figure class=\"wp-block-image size-full\"><a href=\"https:\/\/tabea-flueckiger.ch\/wp-content\/uploads\/2022\/07\/WhatsApp-Image-2022-07-06-at-10.33.52-6.jpeg\"><img loading=\"lazy\" decoding=\"async\" width=\"768\" height=\"1024\" data-id=\"313\" src=\"https:\/\/tabea-flueckiger.ch\/wp-content\/uploads\/2022\/07\/WhatsApp-Image-2022-07-06-at-10.33.52-6.jpeg\" alt=\"\" class=\"wp-image-313\" srcset=\"https:\/\/tabea-flueckiger.ch\/wp-content\/uploads\/2022\/07\/WhatsApp-Image-2022-07-06-at-10.33.52-6.jpeg 768w, https:\/\/tabea-flueckiger.ch\/wp-content\/uploads\/2022\/07\/WhatsApp-Image-2022-07-06-at-10.33.52-6-225x300.jpeg 225w, https:\/\/tabea-flueckiger.ch\/wp-content\/uploads\/2022\/07\/WhatsApp-Image-2022-07-06-at-10.33.52-6-624x832.jpeg 624w\" sizes=\"auto, (max-width: 768px) 100vw, 768px\" \/><\/a><\/figure>\n\n\n\n<figure class=\"wp-block-image size-full\"><a href=\"https:\/\/tabea-flueckiger.ch\/wp-content\/uploads\/2022\/07\/WhatsApp-Image-2022-07-06-at-10.33.52-7.jpeg\"><img loading=\"lazy\" decoding=\"async\" width=\"768\" height=\"1024\" data-id=\"314\" src=\"https:\/\/tabea-flueckiger.ch\/wp-content\/uploads\/2022\/07\/WhatsApp-Image-2022-07-06-at-10.33.52-7.jpeg\" alt=\"\" class=\"wp-image-314\" srcset=\"https:\/\/tabea-flueckiger.ch\/wp-content\/uploads\/2022\/07\/WhatsApp-Image-2022-07-06-at-10.33.52-7.jpeg 768w, https:\/\/tabea-flueckiger.ch\/wp-content\/uploads\/2022\/07\/WhatsApp-Image-2022-07-06-at-10.33.52-7-225x300.jpeg 225w, https:\/\/tabea-flueckiger.ch\/wp-content\/uploads\/2022\/07\/WhatsApp-Image-2022-07-06-at-10.33.52-7-624x832.jpeg 624w\" sizes=\"auto, (max-width: 768px) 100vw, 768px\" \/><\/a><\/figure>\n\n\n\n<figure class=\"wp-block-image size-full\"><a href=\"https:\/\/tabea-flueckiger.ch\/wp-content\/uploads\/2022\/07\/WhatsApp-Image-2022-07-06-at-10.33.52-8.jpeg\"><img loading=\"lazy\" decoding=\"async\" width=\"768\" height=\"1024\" data-id=\"315\" src=\"https:\/\/tabea-flueckiger.ch\/wp-content\/uploads\/2022\/07\/WhatsApp-Image-2022-07-06-at-10.33.52-8.jpeg\" alt=\"\" class=\"wp-image-315\" srcset=\"https:\/\/tabea-flueckiger.ch\/wp-content\/uploads\/2022\/07\/WhatsApp-Image-2022-07-06-at-10.33.52-8.jpeg 768w, https:\/\/tabea-flueckiger.ch\/wp-content\/uploads\/2022\/07\/WhatsApp-Image-2022-07-06-at-10.33.52-8-225x300.jpeg 225w, https:\/\/tabea-flueckiger.ch\/wp-content\/uploads\/2022\/07\/WhatsApp-Image-2022-07-06-at-10.33.52-8-624x832.jpeg 624w\" sizes=\"auto, (max-width: 768px) 100vw, 768px\" \/><\/a><\/figure>\n<figcaption class=\"blocks-gallery-caption wp-element-caption\"><br><br>Nachher&#8230;.<\/figcaption><\/figure>\n\n\n\n<figure class=\"wp-block-gallery has-nested-images columns-default is-cropped wp-block-gallery-3 is-layout-flex wp-block-gallery-is-layout-flex\">\n<figure class=\"wp-block-image size-full\"><a href=\"https:\/\/tabea-flueckiger.ch\/wp-content\/uploads\/2022\/07\/WhatsApp-Image-2022-07-06-at-10.33.52-11.jpeg\"><img loading=\"lazy\" decoding=\"async\" width=\"1024\" height=\"768\" data-id=\"318\" src=\"https:\/\/tabea-flueckiger.ch\/wp-content\/uploads\/2022\/07\/WhatsApp-Image-2022-07-06-at-10.33.52-11.jpeg\" alt=\"\" class=\"wp-image-318\" srcset=\"https:\/\/tabea-flueckiger.ch\/wp-content\/uploads\/2022\/07\/WhatsApp-Image-2022-07-06-at-10.33.52-11.jpeg 1024w, https:\/\/tabea-flueckiger.ch\/wp-content\/uploads\/2022\/07\/WhatsApp-Image-2022-07-06-at-10.33.52-11-300x225.jpeg 300w, https:\/\/tabea-flueckiger.ch\/wp-content\/uploads\/2022\/07\/WhatsApp-Image-2022-07-06-at-10.33.52-11-768x576.jpeg 768w, https:\/\/tabea-flueckiger.ch\/wp-content\/uploads\/2022\/07\/WhatsApp-Image-2022-07-06-at-10.33.52-11-624x468.jpeg 624w\" sizes=\"auto, (max-width: 1024px) 100vw, 1024px\" \/><\/a><\/figure>\n<\/figure>\n\n\n\n<h2 class=\"wp-block-heading has-text-align-center\">Kontaktieren Sie mich gerne f\u00fcr einen 1. Termin                         per Mail oder Whatsapp<\/h2>\n\n\n\n<p class=\"has-text-align-center\">Telefon: <a href=\"tel:0796257863\">0796257863<\/a><\/p>\n\n\n\n<p class=\"has-text-align-center\">Mail: <a href=\"mailto:tabea.flueckiger@gmx.ch\">tabea.flueckiger@gmx.ch<\/a><\/p>\n","protected":false},"excerpt":{"rendered":"<p>Ich liebe Handwerk in s\u00e4mtlicher Form und Farbe! Du hast ein Lieblingsst\u00fcck, das Du innigst liebst, das aber etwas in die Jahre gekommen ist? Melde Dich bei mir &#8211; ich schaue daf\u00fcr, dass Dein Liebling wieder in neuem Glanz erstrahlt. Vorher&#8230;<\/p>\n","protected":false},"author":1,"featured_media":0,"parent":0,"menu_order":0,"comment_status":"closed","ping_status":"closed","template":"","meta":{"footnotes":""},"class_list":["post-274","page","type-page","status-publish","hentry"],"_links":{"self":[{"href":"https:\/\/tabea-flueckiger.ch\/index.php?rest_route=\/wp\/v2\/pages\/274","targetHints":{"allow":["GET"]}}],"collection":[{"href":"https:\/\/tabea-flueckiger.ch\/index.php?rest_route=\/wp\/v2\/pages"}],"about":[{"href":"https:\/\/tabea-flueckiger.ch\/index.php?rest_route=\/wp\/v2\/types\/page"}],"author":[{"embeddable":true,"href":"https:\/\/tabea-flueckiger.ch\/index.php?rest_route=\/wp\/v2\/users\/1"}],"replies":[{"embeddable":true,"href":"https:\/\/tabea-flueckiger.ch\/index.php?rest_route=%2Fwp%2Fv2%2Fcomments&post=274"}],"version-history":[{"count":5,"href":"https:\/\/tabea-flueckiger.ch\/index.php?rest_route=\/wp\/v2\/pages\/274\/revisions"}],"predecessor-version":[{"id":447,"href":"https:\/\/tabea-flueckiger.ch\/index.php?rest_route=\/wp\/v2\/pages\/274\/revisions\/447"}],"wp:attachment":[{"href":"https:\/\/tabea-flueckiger.ch\/index.php?rest_route=%2Fwp%2Fv2%2Fmedia&parent=274"}],"curies":[{"name":"wp","href":"https:\/\/api.w.org\/{rel}","templated":true}]}}